{"id":55536,"date":"2026-02-09T09:50:30","date_gmt":"2026-02-09T08:50:30","guid":{"rendered":"https:\/\/www.mosteirodeoia.com\/?page_id=55536"},"modified":"2026-03-23T09:07:23","modified_gmt":"2026-03-23T08:07:23","slug":"real-mosteiro-de-oia-actividades-semana-santa-2026","status":"publish","type":"page","link":"https:\/\/www.mosteirodeoia.com\/gl\/real-mosteiro-de-oia-actividades-semana-santa-2026\/","title":{"rendered":"Real Mosteiro de Oia Semana Santa 2026"},"content":{"rendered":"\n<div class=\"wp-block-hacce-wrapper landing-evento\">\n<div class=\"wp-block-hacce-wrapper p-0\"><div class=\"bloque_slide_wrap \">\n    <div id=\"slide_id_763205\" class=\"slider_wrap slide_home \">\n\t\t                <div class=\"slide_item\">\n                                            <div class=\"img_wrap\">\n                            <img loading=\"lazy\" decoding=\"async\" width=\"1920\" height=\"842\" src=\"https:\/\/www.mosteirodeoia.com\/wp-content\/uploads\/2025\/03\/mosteiro2.jpg\" class=\"object_fit_explorer\" alt=\"Mosteiro de Oia\" srcset=\"https:\/\/www.mosteirodeoia.com\/wp-content\/uploads\/2025\/03\/mosteiro2.jpg 1920w, https:\/\/www.mosteirodeoia.com\/wp-content\/uploads\/2025\/03\/mosteiro2-300x132.jpg 300w, https:\/\/www.mosteirodeoia.com\/wp-content\/uploads\/2025\/03\/mosteiro2-1024x449.jpg 1024w, https:\/\/www.mosteirodeoia.com\/wp-content\/uploads\/2025\/03\/mosteiro2-768x337.jpg 768w, https:\/\/www.mosteirodeoia.com\/wp-content\/uploads\/2025\/03\/mosteiro2-1536x674.jpg 1536w\" sizes=\"(max-width: 1920px) 100vw, 1920px\" \/>                        <\/div>\n                    \n                        <div class=\"cont_wrap\">\r\n        <div class=\"container\">\r\n\r\n                            <div class=\"antetitulo fadeInDown animated delay-0.5s\">\r\n                    Semana Santa 2026                <\/div>\r\n                                        <h2 class=\"titulo-slide_wrap fadeInDown animated delay-0.2s\">\r\n                    Visitas guiadas ao Mosteiro de Oia                <\/h2>\r\n                                        <div class=\"texto-slide delay-1s fadeInUp animated delay-0.5s\">\r\n                    <p>Un percorrido exclusivo pola historia do monumento, con acceso excepcional a espazos nunca antes visitados.<\/p>\n                <\/div>\r\n                                <\/div>\r\n    <\/div>\r\n                                    <\/div>\n                            <div class=\"slide_item\">\n                                            <div class=\"img_wrap\">\n                            <img loading=\"lazy\" decoding=\"async\" width=\"1920\" height=\"842\" src=\"https:\/\/www.mosteirodeoia.com\/wp-content\/uploads\/2026\/02\/Plantilla_Header_Visitas-rmo.jpg\" class=\"object_fit_explorer\" alt=\"\" srcset=\"https:\/\/www.mosteirodeoia.com\/wp-content\/uploads\/2026\/02\/Plantilla_Header_Visitas-rmo.jpg 1920w, https:\/\/www.mosteirodeoia.com\/wp-content\/uploads\/2026\/02\/Plantilla_Header_Visitas-rmo-300x132.jpg 300w, https:\/\/www.mosteirodeoia.com\/wp-content\/uploads\/2026\/02\/Plantilla_Header_Visitas-rmo-1024x449.jpg 1024w, https:\/\/www.mosteirodeoia.com\/wp-content\/uploads\/2026\/02\/Plantilla_Header_Visitas-rmo-768x337.jpg 768w, https:\/\/www.mosteirodeoia.com\/wp-content\/uploads\/2026\/02\/Plantilla_Header_Visitas-rmo-1536x674.jpg 1536w\" sizes=\"(max-width: 1920px) 100vw, 1920px\" \/>                        <\/div>\n                    \n                        <div class=\"cont_wrap\">\r\n        <div class=\"container\">\r\n\r\n                            <div class=\"antetitulo fadeInDown animated delay-0.5s\">\r\n                    Semana Santa 2026                <\/div>\r\n                                        <h2 class=\"titulo-slide_wrap fadeInDown animated delay-0.2s\">\r\n                    Percorrido hist\u00f3rico exclusivo                 <\/h2>\r\n                                        <div class=\"texto-slide delay-1s fadeInUp animated delay-0.5s\">\r\n                    <p>Explora s\u00e9culos de historia e espazos in\u00e9ditos nunha experiencia \u00fanica.<\/p>\n                <\/div>\r\n                                <\/div>\r\n    <\/div>\r\n                                    <\/div>\n                        <\/div>\n                <script type=\"text\/javascript\">\n\t\t\tjQuery(document).ready(function ($) {\n\t\t\t\tvar slider = tns({\n\t\t\t\t\t\"container\": '#slide_id_763205',\n\t\t\t\t\t\"autoWidth\": true,\n\t\t\t\t\t\"items\": 1,\n\t\t\t\t\t\"touch\": true,\n\t\t\t\t\t\"speed\": 1000,\n\t\t\t\t\t\"mouseDrag\": true,\n\t\t\t\t\t\"arrowKeys\": false,\n\t\t\t\t\t\"controls\": false,\n\t\t\t\t\t\"autoplayHoverPause\": true,\n\t\t\t\t\t\"autoplayButtonOutput\": false,\n\t\t\t\t\t\"autoplay\": true,\n\t\t\t\t});\n\t\t\t});\n        <\/script>\n    <\/div>\n<\/div>\n\n\n\n<div class=\"wp-block-hacce-wrapper bg_gris bloque_mapa pt-8 pb-8 has-white-background-color\"><div class=\"container\">\n<p class=\"has-text-align-center antetitulo fadeInDown wow\" style=\"font-size:18px\">Real Mosteiro de Oia<\/p>\n\n\n\n<h1 class=\"wp-block-heading has-text-align-center fadeInDown wow\">Comprometidos coa cultura<br>Especial Semana Santa<\/h1>\n<\/div><\/div>\n\n\n\n<div class=\"wp-block-hacce-wrapper pt-8 pb-8\" style=\"background-color:#f3f3f3\"><div class=\"container\">\n<div class=\"wp-block-columns mb-0 is-layout-flex wp-container-core-columns-is-layout-1 wp-block-columns-is-layout-flex\">\n<div class=\"wp-block-column is-layout-flow wp-block-column-is-layout-flow\">\n<div aria-label=\"Carousel Gallery\" class=\"wp-block-coblocks-gallery-carousel alignfull\"><div class=\"coblocks-gallery-carousel-swiper-container is-cropped coblocks-gallery has-caption-style-dark has-no-thumbnails\"><div class=\"has-carousel has-carousel-xlrg swiper-container has-aligned-cells\" data-swiper=\"{&quot;alignCells&quot;:true,&quot;autoPlay&quot;:true,&quot;autoPlaySpeed&quot;:3000,&quot;draggable&quot;:true,&quot;freeMode&quot;:false,&quot;loop&quot;:true,&quot;navigation&quot;:false,&quot;pageDots&quot;:false,&quot;pauseHover&quot;:false,&quot;responsiveHeight&quot;:false,&quot;slidesPerView&quot;:1,&quot;thumbnails&quot;:false,&quot;uuid&quot;:&quot;12345&quot;}\" style=\"height:400px\"><div class=\"swiper-wrapper\"><div class=\"swiper-slide\"><div class=\"coblocks-gallery--item\" role=\"button\" tabindex=\"0\"><figure class=\"coblocks-gallery--figure\"><img loading=\"lazy\" decoding=\"async\" width=\"676\" height=\"501\" alt=\"\" class=\"wp-image-62007\" data-id=\"62007\" data-link=\"https:\/\/www.mosteirodeoia.com\/gl\/real-mosteiro-de-oia-actividades-semana-santa-2\/mesa-de-trabajo-2-copia-100-2\/\" src=\"https:\/\/www.mosteirodeoia.com\/wp-content\/uploads\/2026\/02\/Mesa-de-trabajo-2-copia-100.jpg\" srcset=\"https:\/\/www.mosteirodeoia.com\/wp-content\/uploads\/2026\/02\/Mesa-de-trabajo-2-copia-100.jpg 676w, https:\/\/www.mosteirodeoia.com\/wp-content\/uploads\/2026\/02\/Mesa-de-trabajo-2-copia-100-300x222.jpg 300w\" sizes=\"(max-width: 676px) 100vw, 676px\" \/><\/figure><figcaption class=\"coblocks-gallery--caption coblocks-gallery--primary-caption\"><\/figcaption><\/div><\/div><div class=\"swiper-slide\"><div class=\"coblocks-gallery--item\" role=\"button\" tabindex=\"1\"><figure class=\"coblocks-gallery--figure\"><img loading=\"lazy\" decoding=\"async\" width=\"676\" height=\"501\" alt=\"\" class=\"wp-image-62004\" data-id=\"62004\" data-link=\"https:\/\/www.mosteirodeoia.com\/gl\/real-mosteiro-de-oia-actividades-semana-santa-2\/mesa-de-trabajo-2-copia-3-100-2\/\" src=\"https:\/\/www.mosteirodeoia.com\/wp-content\/uploads\/2026\/02\/Mesa-de-trabajo-2-copia-3-100.jpg\" srcset=\"https:\/\/www.mosteirodeoia.com\/wp-content\/uploads\/2026\/02\/Mesa-de-trabajo-2-copia-3-100.jpg 676w, https:\/\/www.mosteirodeoia.com\/wp-content\/uploads\/2026\/02\/Mesa-de-trabajo-2-copia-3-100-300x222.jpg 300w\" sizes=\"(max-width: 676px) 100vw, 676px\" \/><\/figure><figcaption class=\"coblocks-gallery--caption coblocks-gallery--primary-caption\"><\/figcaption><\/div><\/div><div class=\"swiper-slide\"><div class=\"coblocks-gallery--item\" role=\"button\" tabindex=\"2\"><figure class=\"coblocks-gallery--figure\"><img loading=\"lazy\" decoding=\"async\" width=\"676\" height=\"501\" alt=\"\" class=\"wp-image-62001\" data-id=\"62001\" data-link=\"https:\/\/www.mosteirodeoia.com\/gl\/real-mosteiro-de-oia-actividades-semana-santa-2\/mesa-de-trabajo-2-copia-2-100-2\/\" src=\"https:\/\/www.mosteirodeoia.com\/wp-content\/uploads\/2026\/02\/Mesa-de-trabajo-2-copia-2-100.jpg\" srcset=\"https:\/\/www.mosteirodeoia.com\/wp-content\/uploads\/2026\/02\/Mesa-de-trabajo-2-copia-2-100.jpg 676w, https:\/\/www.mosteirodeoia.com\/wp-content\/uploads\/2026\/02\/Mesa-de-trabajo-2-copia-2-100-300x222.jpg 300w\" sizes=\"(max-width: 676px) 100vw, 676px\" \/><\/figure><figcaption class=\"coblocks-gallery--caption coblocks-gallery--primary-caption\"><\/figcaption><\/div><\/div><\/div><\/div><\/div><\/div>\n<\/div>\n\n\n\n<div class=\"wp-block-column ficha-evento is-layout-flow wp-block-column-is-layout-flow\">\n<p class=\"fecha\">Do luns 30 de marzo ao domingo 5 de abril<\/p>\n\n\n\n<p class=\"titulo\">Real Mosteiro de Oia: explora espazos segredos<\/p>\n\n\n\n<p class=\"subtitulo\">Visitas guiadas todos os d\u00edas<\/p>\n\n\n\n<p style=\"font-size:14px\">Un ano m\u00e1is o Real Mosteiro de Oia abre ao p\u00fablico cunha visita chea de novidades. <strong>Un novo percorrido, novos espazos e novos datos<\/strong> que seguir\u00e1n lanzando luz sobre un dos monumentos m\u00e1is ic\u00f3nicos de Galicia. Merg\u00fallate na historia do Mosteiro desde outra perspectiva e an\u00edmate a participar nunha experiencia diferente!.<\/p>\n\n\n\n<p class=\"subtitulo\">Horarios dispo\u00f1ibles<\/p>\n\n\n\n<ul class=\"wp-block-list horarios\">\n<li>11.30h<\/li>\n\n\n\n<li>16.30h<\/li>\n\n\n\n<li>18.30h<\/li>\n<\/ul>\n\n\n\n<div class=\"tarifas\">\n<p><strong>Tarifa xeral: 9\u20ac<\/strong>\u00a0<\/p>\n<p><strong>Tarifa reducida: 6\u20ac<\/strong> &#8211; Familia numerosa, maiores 65, desempregados, nenos dende os 7 aos 14 anos e diversos funcionais.<\/p>\n<p>Menores de 7 anos entrada de balde.<\/p>\n<\/div>\n<\/div>\n<\/div>\n<\/div><\/div>\n\n\n\n<div class=\"wp-block-hacce-wrapper py-5\" style=\"background-color:#226ea2\"><div class=\"container\">\n<div class=\"wp-block-buttons is-content-justification-center is-layout-flex wp-container-core-buttons-is-layout-1 wp-block-buttons-is-layout-flex\">\n<div class=\"wp-block-button has-custom-width wp-block-button__width-50 is-style-outline is-style-outline--aef26a37689259fa47910923e9490e2c\"><a class=\"wp-block-button__link has-white-color has-text-color has-background has-link-color wp-element-button\" href=\"https:\/\/entradas.ataquilla.com\/gl\/ventaentradas\/visitas-guiadas\/847-monasterio-de-santa-maria-de-oia\/x3ake1c0-visitas-guiadas-al-mosteiro-de-oia-semana-santa-2026\" style=\"border-radius:10px;background-color:#ffffff00\">MERCA A T\u00daA ENTRADA<\/a><\/div>\n<\/div>\n<\/div><\/div>\n\n\n\n<div class=\"wp-block-hacce-wrapper py-5\" style=\"background-color:#f3f3f3\"><div class=\"container\">\n<p>Lembra: o Mosteiro nun espazo en v\u00edas de restauraci\u00f3n, <strong>actualmente en estado de ru\u00edna consolidada<\/strong>. Ven con roupa e calzado c\u00f3modo, preparado para explorar os diferentes espazos do cenobio e os seus xard\u00edns. <\/p>\n\n\n\n<p>Levamos moito tempo traballando para recuperar o Mosteiro mentres, desde a <strong><a href=\"https:\/\/fundacionbretal.com\/gl\/\">Fundaci\u00f3n Bretal<\/a><\/strong>, seguimos dinamizando culturalmente o edificio a trav\u00e9s dunha a actividade cultural adaptada cada ano ao estado do monumento e \u00e1s intervenci\u00f3ns que se van acometendo. Por iso cada ano a visita \u00e9 diferente! Esper\u00e1moste!<\/p>\n<\/div><\/div>\n\n\n\n<div class=\"wp-block-hacce-wrapper alignwide coblocks-animate\" data-coblocks-animation=\"fadeIn\">\n<div style=\"height:44px\" aria-hidden=\"true\" class=\"wp-block-spacer\"><\/div>\n\n\n\n<figure class=\"wp-block-coblocks-gallery-masonry masonry-grid has-medium-gutter\">\n<figure class=\"wp-block-image size-large masonry-brick\"><img loading=\"lazy\" decoding=\"async\" width=\"401\" height=\"601\" src=\"https:\/\/www.mosteirodeoia.com\/wp-content\/uploads\/2026\/02\/Visitas-guiadas-semana-santa_1-1.jpg\" alt=\"Image gallery image\" class=\"wp-image-61963\" srcset=\"https:\/\/www.mosteirodeoia.com\/wp-content\/uploads\/2026\/02\/Visitas-guiadas-semana-santa_1-1.jpg 401w, https:\/\/www.mosteirodeoia.com\/wp-content\/uploads\/2026\/02\/Visitas-guiadas-semana-santa_1-1-200x300.jpg 200w\" sizes=\"(max-width: 401px) 100vw, 401px\" \/><\/figure>\n\n\n\n<figure class=\"wp-block-image size-large masonry-brick\"><img loading=\"lazy\" decoding=\"async\" width=\"401\" height=\"485\" src=\"https:\/\/www.mosteirodeoia.com\/wp-content\/uploads\/2026\/02\/Visitas-guiadas-semana-santa_2-1.jpg\" alt=\"Image gallery image\" class=\"wp-image-61987\" srcset=\"https:\/\/www.mosteirodeoia.com\/wp-content\/uploads\/2026\/02\/Visitas-guiadas-semana-santa_2-1.jpg 401w, https:\/\/www.mosteirodeoia.com\/wp-content\/uploads\/2026\/02\/Visitas-guiadas-semana-santa_2-1-248x300.jpg 248w\" sizes=\"(max-width: 401px) 100vw, 401px\" \/><\/figure>\n\n\n\n<figure class=\"wp-block-image size-large masonry-brick\"><img loading=\"lazy\" decoding=\"async\" width=\"401\" height=\"326\" src=\"https:\/\/www.mosteirodeoia.com\/wp-content\/uploads\/2026\/02\/Visitas-guiadas-semana-santa_3-1.jpg\" alt=\"Image gallery image\" class=\"wp-image-61978\" srcset=\"https:\/\/www.mosteirodeoia.com\/wp-content\/uploads\/2026\/02\/Visitas-guiadas-semana-santa_3-1.jpg 401w, https:\/\/www.mosteirodeoia.com\/wp-content\/uploads\/2026\/02\/Visitas-guiadas-semana-santa_3-1-300x244.jpg 300w\" sizes=\"(max-width: 401px) 100vw, 401px\" \/><\/figure>\n\n\n\n<figure class=\"wp-block-image size-large masonry-brick\"><img loading=\"lazy\" decoding=\"async\" width=\"401\" height=\"501\" src=\"https:\/\/www.mosteirodeoia.com\/wp-content\/uploads\/2026\/02\/Visitas-guiadas-semana-santa_4-1.jpg\" alt=\"Image gallery image\" class=\"wp-image-61969\" srcset=\"https:\/\/www.mosteirodeoia.com\/wp-content\/uploads\/2026\/02\/Visitas-guiadas-semana-santa_4-1.jpg 401w, https:\/\/www.mosteirodeoia.com\/wp-content\/uploads\/2026\/02\/Visitas-guiadas-semana-santa_4-1-240x300.jpg 240w\" sizes=\"(max-width: 401px) 100vw, 401px\" \/><\/figure>\n\n\n\n<figure class=\"wp-block-image size-large masonry-brick\"><img loading=\"lazy\" decoding=\"async\" width=\"401\" height=\"500\" src=\"https:\/\/www.mosteirodeoia.com\/wp-content\/uploads\/2026\/02\/Visitas-guiadas-semana-santa_5-1.jpg\" alt=\"Image gallery image\" class=\"wp-image-61981\" srcset=\"https:\/\/www.mosteirodeoia.com\/wp-content\/uploads\/2026\/02\/Visitas-guiadas-semana-santa_5-1.jpg 401w, https:\/\/www.mosteirodeoia.com\/wp-content\/uploads\/2026\/02\/Visitas-guiadas-semana-santa_5-1-241x300.jpg 241w\" sizes=\"(max-width: 401px) 100vw, 401px\" \/><\/figure>\n\n\n\n<figure class=\"wp-block-image size-large masonry-brick\"><img loading=\"lazy\" decoding=\"async\" width=\"401\" height=\"411\" src=\"https:\/\/www.mosteirodeoia.com\/wp-content\/uploads\/2026\/02\/Visitas-guiadas-semana-santa_6-1.jpg\" alt=\"Image gallery image\" class=\"wp-image-61973\" srcset=\"https:\/\/www.mosteirodeoia.com\/wp-content\/uploads\/2026\/02\/Visitas-guiadas-semana-santa_6-1.jpg 401w, https:\/\/www.mosteirodeoia.com\/wp-content\/uploads\/2026\/02\/Visitas-guiadas-semana-santa_6-1-293x300.jpg 293w\" sizes=\"(max-width: 401px) 100vw, 401px\" \/><\/figure>\n\n\n\n<figure class=\"wp-block-image size-large masonry-brick\"><img loading=\"lazy\" decoding=\"async\" width=\"401\" height=\"297\" src=\"https:\/\/www.mosteirodeoia.com\/wp-content\/uploads\/2026\/02\/Visitas-guiadas-semana-santa_7-1.jpg\" alt=\"Image gallery image\" class=\"wp-image-61966\" srcset=\"https:\/\/www.mosteirodeoia.com\/wp-content\/uploads\/2026\/02\/Visitas-guiadas-semana-santa_7-1.jpg 401w, https:\/\/www.mosteirodeoia.com\/wp-content\/uploads\/2026\/02\/Visitas-guiadas-semana-santa_7-1-300x222.jpg 300w\" sizes=\"(max-width: 401px) 100vw, 401px\" \/><\/figure>\n\n\n\n<figure class=\"wp-block-image size-large masonry-brick\"><img loading=\"lazy\" decoding=\"async\" width=\"401\" height=\"645\" src=\"https:\/\/www.mosteirodeoia.com\/wp-content\/uploads\/2026\/02\/Visitas-guiadas-semana-santa_8-1.jpg\" alt=\"Image gallery image\" class=\"wp-image-61971\" srcset=\"https:\/\/www.mosteirodeoia.com\/wp-content\/uploads\/2026\/02\/Visitas-guiadas-semana-santa_8-1.jpg 401w, https:\/\/www.mosteirodeoia.com\/wp-content\/uploads\/2026\/02\/Visitas-guiadas-semana-santa_8-1-187x300.jpg 187w\" sizes=\"(max-width: 401px) 100vw, 401px\" \/><\/figure>\n\n\n\n<figure class=\"wp-block-image size-large masonry-brick\"><img loading=\"lazy\" decoding=\"async\" width=\"401\" height=\"470\" src=\"https:\/\/www.mosteirodeoia.com\/wp-content\/uploads\/2026\/02\/Visitas-guiadas-semana-santa_9-1.jpg\" alt=\"Image gallery image\" class=\"wp-image-61984\" srcset=\"https:\/\/www.mosteirodeoia.com\/wp-content\/uploads\/2026\/02\/Visitas-guiadas-semana-santa_9-1.jpg 401w, https:\/\/www.mosteirodeoia.com\/wp-content\/uploads\/2026\/02\/Visitas-guiadas-semana-santa_9-1-256x300.jpg 256w\" sizes=\"(max-width: 401px) 100vw, 401px\" \/><\/figure>\n<\/figure>\n<\/div>\n\n\n\n<div class=\"wp-block-hacce-wrapper bg_gris bloque_mapa pt-8 pb-8 has-white-color has-white-background-color\"><div class=\"container\">\n<p class=\"has-text-align-center antetitulo fadeInDown wow\" style=\"font-size:18px\"><mark style=\"background-color:rgba(0, 0, 0, 0)\" class=\"has-inline-color has-dark-gray-color\">Real Mosteiro de Oia<\/mark><\/p>\n\n\n\n<h2 class=\"wp-block-heading has-text-align-center fadeInDown wow titulo-destacado has-white-color has-text-color has-link-color wp-elements-91d579e218710319824b49a63c0911af\" style=\"font-size:40px\"><mark style=\"background-color:rgba(0, 0, 0, 0)\" class=\"has-inline-color has-dark-gray-color\">A t\u00faa experiencia non remata ah\u00ed <br>leva un recordo na nosa tenga durante a t\u00faa visita<\/mark><\/h2>\n\n\n\n<div class=\"wp-block-columns bloque-recordos mt-8 is-layout-flex wp-container-core-columns-is-layout-2 wp-block-columns-is-layout-flex\">\n<div class=\"wp-block-column is-layout-flow wp-block-column-is-layout-flow\">\n<figure class=\"wp-block-image size-full\"><img loading=\"lazy\" decoding=\"async\" width=\"343\" height=\"240\" src=\"https:\/\/www.mosteirodeoia.com\/wp-content\/uploads\/2025\/03\/Plantilla_fotos-Recuperado.jpg\" alt=\"\" class=\"wp-image-55373\" srcset=\"https:\/\/www.mosteirodeoia.com\/wp-content\/uploads\/2025\/03\/Plantilla_fotos-Recuperado.jpg 343w, https:\/\/www.mosteirodeoia.com\/wp-content\/uploads\/2025\/03\/Plantilla_fotos-Recuperado-300x210.jpg 300w\" sizes=\"(max-width: 343px) 100vw, 343px\" \/><\/figure>\n\n\n\n<h3 class=\"wp-block-heading has-text-align-center\" style=\"font-size:15px\"><mark style=\"background-color:rgba(0, 0, 0, 0)\" class=\"has-inline-color has-dark-gray-color\">Bolsas de tea<\/mark><\/h3>\n<\/div>\n\n\n\n<div class=\"wp-block-column is-layout-flow wp-block-column-is-layout-flow\">\n<figure class=\"wp-block-image size-full\"><img loading=\"lazy\" decoding=\"async\" width=\"343\" height=\"240\" src=\"https:\/\/www.mosteirodeoia.com\/wp-content\/uploads\/2025\/03\/dddd.jpg\" alt=\"\" class=\"wp-image-55380\" srcset=\"https:\/\/www.mosteirodeoia.com\/wp-content\/uploads\/2025\/03\/dddd.jpg 343w, https:\/\/www.mosteirodeoia.com\/wp-content\/uploads\/2025\/03\/dddd-300x210.jpg 300w\" sizes=\"(max-width: 343px) 100vw, 343px\" \/><\/figure>\n\n\n\n<h3 class=\"wp-block-heading has-text-align-center\" style=\"font-size:15px\"><mark style=\"background-color:rgba(0, 0, 0, 0)\" class=\"has-inline-color has-dark-gray-color\">Im\u00e1ns<\/mark><\/h3>\n<\/div>\n\n\n\n<div class=\"wp-block-column is-layout-flow wp-block-column-is-layout-flow\">\n<figure class=\"wp-block-image size-full\"><img loading=\"lazy\" decoding=\"async\" width=\"343\" height=\"240\" src=\"https:\/\/www.mosteirodeoia.com\/wp-content\/uploads\/2025\/03\/cuncas.jpg\" alt=\"\" class=\"wp-image-55376\" srcset=\"https:\/\/www.mosteirodeoia.com\/wp-content\/uploads\/2025\/03\/cuncas.jpg 343w, https:\/\/www.mosteirodeoia.com\/wp-content\/uploads\/2025\/03\/cuncas-300x210.jpg 300w\" sizes=\"(max-width: 343px) 100vw, 343px\" \/><\/figure>\n\n\n\n<h3 class=\"wp-block-heading has-text-align-center\" style=\"font-size:15px\"><mark style=\"background-color:rgba(0, 0, 0, 0)\" class=\"has-inline-color has-dark-gray-color\">Cuncas<\/mark><\/h3>\n<\/div>\n\n\n\n<div class=\"wp-block-column is-layout-flow wp-block-column-is-layout-flow\">\n<figure class=\"wp-block-image size-full\"><img loading=\"lazy\" decoding=\"async\" width=\"343\" height=\"240\" src=\"https:\/\/www.mosteirodeoia.com\/wp-content\/uploads\/2025\/03\/Libros.jpg\" alt=\"Libro Mosteiro de Oia\" class=\"wp-image-55744\" srcset=\"https:\/\/www.mosteirodeoia.com\/wp-content\/uploads\/2025\/03\/Libros.jpg 343w, https:\/\/www.mosteirodeoia.com\/wp-content\/uploads\/2025\/03\/Libros-300x210.jpg 300w\" sizes=\"(max-width: 343px) 100vw, 343px\" \/><\/figure>\n\n\n\n<h3 class=\"wp-block-heading has-text-align-center\" style=\"font-size:15px\"><mark style=\"background-color:rgba(0, 0, 0, 0)\" class=\"has-inline-color has-dark-gray-color\">Libros<\/mark><\/h3>\n<\/div>\n<\/div>\n<\/div><\/div>\n<\/div>\n","protected":false},"excerpt":{"rendered":"","protected":false},"author":6,"featured_media":62007,"parent":0,"menu_order":0,"comment_status":"closed","ping_status":"closed","template":"","meta":{"_editorskit_title_hidden":true,"_editorskit_reading_time":0,"_editorskit_is_block_options_detached":false,"_editorskit_block_options_position":"{}","_coblocks_attr":"","_coblocks_dimensions":"","_coblocks_responsive_height":"","_coblocks_accordion_ie_support":"","footnotes":""},"class_list":["post-55536","page","type-page","status-publish","has-post-thumbnail","hentry"],"acf":[],"_links":{"self":[{"href":"https:\/\/www.mosteirodeoia.com\/gl\/wp-json\/wp\/v2\/pages\/55536"}],"collection":[{"href":"https:\/\/www.mosteirodeoia.com\/gl\/wp-json\/wp\/v2\/pages"}],"about":[{"href":"https:\/\/www.mosteirodeoia.com\/gl\/wp-json\/wp\/v2\/types\/page"}],"author":[{"embeddable":true,"href":"https:\/\/www.mosteirodeoia.com\/gl\/wp-json\/wp\/v2\/users\/6"}],"replies":[{"embeddable":true,"href":"https:\/\/www.mosteirodeoia.com\/gl\/wp-json\/wp\/v2\/comments?post=55536"}],"version-history":[{"count":31,"href":"https:\/\/www.mosteirodeoia.com\/gl\/wp-json\/wp\/v2\/pages\/55536\/revisions"}],"predecessor-version":[{"id":62333,"href":"https:\/\/www.mosteirodeoia.com\/gl\/wp-json\/wp\/v2\/pages\/55536\/revisions\/62333"}],"wp:featuredmedia":[{"embeddable":true,"href":"https:\/\/www.mosteirodeoia.com\/gl\/wp-json\/wp\/v2\/media\/62007"}],"wp:attachment":[{"href":"https:\/\/www.mosteirodeoia.com\/gl\/wp-json\/wp\/v2\/media?parent=55536"}],"curies":[{"name":"wp","href":"https:\/\/api.w.org\/{rel}","templated":true}]}}