{"id":1670,"date":"2019-01-03T16:11:46","date_gmt":"2019-01-03T16:11:46","guid":{"rendered":"https:\/\/www.mosteirodeoia.com\/contacto\/"},"modified":"2023-08-11T10:22:03","modified_gmt":"2023-08-11T08:22:03","slug":"contacto","status":"publish","type":"page","link":"https:\/\/www.mosteirodeoia.com\/gl\/contacto\/","title":{"rendered":"Contacto"},"content":{"rendered":"\n<div class=\"wp-block-coblocks-row coblocks-row-2491627172 bloque-contact-info\" data-columns=\"3\" data-layout=\"33-33-33\"><div class=\"bloque-contact-info wp-block-coblocks-row__inner has-no-padding has-no-margin is-stacked-on-mobile has-medium-gutter\">\n<div class=\"wp-block-coblocks-column coblocks-column-249163123\" style=\"width:33.33%\"><div class=\"wp-block-coblocks-column__inner has-no-padding has-no-margin\"><\/div><\/div>\n\n\n\n<div class=\"wp-block-coblocks-column coblocks-column-249163135\" style=\"width:33.33%\"><div class=\"wp-block-coblocks-column__inner has-no-padding has-no-margin\"><div class=\"wp-block-coblocks-icon has-text-align-center\">\n\t\t\t\t<div class=\"wp-block-coblocks-icon__inner\" style=\"height: 60px; width: 60px;\">\n\t\t\t\t\t<svg fill=\"none\" viewBox=\"0 0 20 20\" xmlns=\"http:\/\/www.w3.org\/2000\/svg\"><path d=\"m10 0c-3.921743 0-7.11427301 3.19253001-7.11427301 7.11427301 0 4.95331259 6.18941752 11.86305029 6.45620276 12.15651399l.65807025.729213.6580703-.729213c.2667852-.2934637 6.4562027-7.2032014 6.4562027-12.15651399 0-3.921743-3.19253-7.11427301-7.114273-7.11427301zm0 17.3143619c-1.9386394-2.3210315-5.33570476-7.0520231-5.33570476-10.20008889 0-2.94353046 2.3921743-5.33570476 5.33570476-5.33570476 2.9435305 0 5.3357048 2.3921743 5.3357048 5.33570476 0 3.40595819-3.7794576 8.32369939-5.3357048 10.20008889zm-1.36060471-8.27034234-1.56514007-1.5740329-1.26278345 1.26278346 2.82792352 2.82792348 5.34459761-5.34459756-1.2538906-1.26278346z\" fill=\"currentColor\" \/><\/svg>\n\t\t\t\t<\/div>\n\t\t\t<\/div>\n\n\n<div style=\"height:20px\" aria-hidden=\"true\" class=\"wp-block-spacer\"><\/div>\n\n\n\n<p class=\"has-text-align-center\">  R\u00faa do P\u00e1rroco Don Claudio Rodal Fandi\u00f1o<br>36794 \u2013 Oia Pontevedra <br><a rel=\"noreferrer noopener\" href=\"mailto:hola@mosteirodeoia.com\" target=\"_blank\">info@mosteirodeoia.com<\/a><\/p>\n\n\n\n<p class=\"has-text-align-center\">695.482.786<\/p>\n\n\n\n<div style=\"height:20px\" aria-hidden=\"true\" class=\"wp-block-spacer\"><\/div>\n<\/div><\/div>\n\n\n\n<div class=\"wp-block-coblocks-column coblocks-column-249163146\" style=\"width:33.33%\"><div class=\"wp-block-coblocks-column__inner has-no-padding has-no-margin\"><\/div><\/div>\n<\/div><\/div>\n\n\n\n<div class=\"wp-block-coblocks-row coblocks-row-2114555330 pag_contacto\" data-columns=\"2\" data-layout=\"50-50\"><div class=\"wp-block-coblocks-row__inner has-medium-gutter has-no-padding has-no-margin is-stacked-on-mobile\">\n\n<div class=\"wp-block-coblocks-column coblocks-column-2114559737\" style=\"width:50%\"><div class=\"wp-block-coblocks-column__inner has-no-padding has-no-margin\">\n\n<iframe loading=\"lazy\" src=\"https:\/\/www.google.com\/maps\/embed?pb=!1m18!1m12!1m3!1d1246.574440812838!2d-8.876189163009434!3d42.0030571020316!2m3!1f0!2f0!3f0!3m2!1i1024!2i768!4f13.1!3m3!1m2!1s0xd25ecfa1e3f5c59%3A0xca750d9e416007d8!2sCalle+P%C3%A1rroco+Don+Claudio+Rodal+Fandi%C3%B1o%2C+36794+Oya%2C+Pontevedra!5e0!3m2!1ses!2ses!4v1551445542504\" width=\"900\" height=\"630\" style=\"max-width:100%;\" frameborder=\"0\" style=\"border:0\" allowfullscreen><\/iframe>\n\n<\/div><\/div>\n\n\n<div class=\"wp-block-coblocks-column coblocks-column-2114559750\" style=\"width:50%\"><div class=\"wp-block-coblocks-column__inner has-no-padding has-no-margin\">\n\n<div class=\"wpcf7 no-js\" id=\"wpcf7-f1668-o1\" lang=\"es-ES\" dir=\"ltr\">\n<div class=\"screen-reader-response\"><p role=\"status\" aria-live=\"polite\" aria-atomic=\"true\"><\/p> <ul><\/ul><\/div>\n<form action=\"\/gl\/wp-json\/wp\/v2\/pages\/1670#wpcf7-f1668-o1\" method=\"post\" class=\"wpcf7-form init\" aria-label=\"Formulario de contacto\" novalidate=\"novalidate\" data-status=\"init\">\n<div style=\"display: none;\">\n<input type=\"hidden\" name=\"_wpcf7\" value=\"1668\" \/>\n<input type=\"hidden\" name=\"_wpcf7_version\" value=\"5.9.8\" \/>\n<input type=\"hidden\" name=\"_wpcf7_locale\" value=\"es_ES\" \/>\n<input type=\"hidden\" name=\"_wpcf7_unit_tag\" value=\"wpcf7-f1668-o1\" \/>\n<input type=\"hidden\" name=\"_wpcf7_container_post\" value=\"0\" \/>\n<input type=\"hidden\" name=\"_wpcf7_posted_data_hash\" value=\"\" \/>\n<input type=\"hidden\" name=\"_wpcf7_recaptcha_response\" value=\"\" \/>\n<\/div>\n<div class=\"form_contacto\">\n<div class=\"md-form\"><input size=\"40\" maxlength=\"400\" class=\"wpcf7-form-control wpcf7-text wpcf7-validates-as-required form-control\" aria-required=\"true\" aria-invalid=\"false\" value=\"\" type=\"text\" name=\"nombre\" \/><label>Nome<\/label><\/div>\n<div class=\"md-form\"><input size=\"40\" maxlength=\"400\" class=\"wpcf7-form-control wpcf7-email wpcf7-validates-as-required wpcf7-text wpcf7-validates-as-email form-control\" aria-required=\"true\" aria-invalid=\"false\" value=\"\" type=\"email\" name=\"email\" \/><label>Email<\/label><\/div>\n<div class=\"md-form\"><input size=\"40\" maxlength=\"400\" class=\"wpcf7-form-control wpcf7-text wpcf7-validates-as-required form-control\" aria-required=\"true\" aria-invalid=\"false\" value=\"\" type=\"text\" name=\"telefono\" \/><label>Tel\u00e9fono<\/label> <\/div>\n<div class=\"md-form\"><input size=\"40\" maxlength=\"400\" class=\"wpcf7-form-control wpcf7-text wpcf7-validates-as-required form-control\" aria-required=\"true\" aria-invalid=\"false\" value=\"\" type=\"text\" name=\"asunto\" \/><label>Asunto<\/label> <\/div>\n<div class=\"md-form \"><textarea cols=\"40\" rows=\"10\" maxlength=\"2000\" class=\"wpcf7-form-control wpcf7-textarea md-textarea form-control\" aria-invalid=\"false\" name=\"mensaje\"><\/textarea><label>Mensaxe<\/label><\/div>\n<div class=\"clausula-rgpd\"><p style=\"font-size:12px;\"><\/div>\n<div class=\"clausula-rgpd\"><span class=\"wpcf7-form-control wpcf7-acceptance\"><span class=\"wpcf7-list-item\"><input type=\"checkbox\" name=\"acceptance-95\" value=\"1\" aria-invalid=\"false\" \/><\/span><\/span><label class=\"\" for=\"acceptance-95 \">Acepto as <a href=\"\/gl\/politica-de-privacidad\/\" class=\"terms_link\" target=\"_blank\">condicions e t\u00e9rminos de privacidade<\/a> <\/label>\n<\/div>\n<input class=\"wpcf7-form-control wpcf7-submit has-spinner btn\" type=\"submit\" value=\"Enviar\" \/>\n<\/div><input type='hidden' class='wpcf7-pum' value='{\"closepopup\":false,\"closedelay\":0,\"openpopup\":false,\"openpopup_id\":0}' \/><div class=\"wpcf7-response-output\" aria-hidden=\"true\"><\/div>\n<\/form>\n<\/div>\n\n\n\n<p><br><\/p>\n\n<\/div><\/div>\n\n<\/div><\/div>\n","protected":false},"excerpt":{"rendered":"","protected":false},"author":1,"featured_media":0,"parent":0,"menu_order":0,"comment_status":"closed","ping_status":"closed","template":"","meta":{"_editorskit_title_hidden":false,"_editorskit_reading_time":0,"_editorskit_is_block_options_detached":false,"_editorskit_block_options_position":"{}","_coblocks_attr":"","_coblocks_dimensions":"","_coblocks_responsive_height":"","_coblocks_accordion_ie_support":"","footnotes":""},"class_list":["post-1670","page","type-page","status-publish","hentry"],"acf":[],"_links":{"self":[{"href":"https:\/\/www.mosteirodeoia.com\/gl\/wp-json\/wp\/v2\/pages\/1670"}],"collection":[{"href":"https:\/\/www.mosteirodeoia.com\/gl\/wp-json\/wp\/v2\/pages"}],"about":[{"href":"https:\/\/www.mosteirodeoia.com\/gl\/wp-json\/wp\/v2\/types\/page"}],"author":[{"embeddable":true,"href":"https:\/\/www.mosteirodeoia.com\/gl\/wp-json\/wp\/v2\/users\/1"}],"replies":[{"embeddable":true,"href":"https:\/\/www.mosteirodeoia.com\/gl\/wp-json\/wp\/v2\/comments?post=1670"}],"version-history":[{"count":2,"href":"https:\/\/www.mosteirodeoia.com\/gl\/wp-json\/wp\/v2\/pages\/1670\/revisions"}],"predecessor-version":[{"id":50741,"href":"https:\/\/www.mosteirodeoia.com\/gl\/wp-json\/wp\/v2\/pages\/1670\/revisions\/50741"}],"wp:attachment":[{"href":"https:\/\/www.mosteirodeoia.com\/gl\/wp-json\/wp\/v2\/media?parent=1670"}],"curies":[{"name":"wp","href":"https:\/\/api.w.org\/{rel}","templated":true}]}}