{"id":1647,"date":"2019-01-03T16:11:40","date_gmt":"2019-01-03T16:11:40","guid":{"rendered":"https:\/\/www.mosteirodeoia.com\/politica-de-cookies-y-privacidad\/"},"modified":"2024-11-18T11:53:25","modified_gmt":"2024-11-18T10:53:25","slug":"politica-de-cookies","status":"publish","type":"page","link":"https:\/\/www.mosteirodeoia.com\/gl\/politica-de-cookies\/","title":{"rendered":"Pol\u00edtica de cookies"},"content":{"rendered":"\n<p>De&nbsp;conformidade coa normativa espa\u00f1ola que regula o uso de cookies en relaci\u00f3n coa prestaci\u00f3n de servizos da sociedade da informaci\u00f3n, recollida no segundo apartado do artigo 22 da Lei 34\/2002, do 11 de xullo, de servizos da sociedade da informaci\u00f3n e&nbsp;o comercio electr\u00f3nico, despois de ser modificado polo Real decreto lei 13\/2012, do 30 de marzo, inform\u00e1mosche sobre as cookies utilizadas no sitio web <a href=\"http:\/\/www.mosteirodeoia.com\"><u>www.mosteirodeoia.com<\/u><\/a>&nbsp; e sobre o motivo polo seu uso. Do mesmo xeito, inform\u00e1moslle de que de acordo coa lei (i) o USUARIO d\u00e1lle o seu consentimento para usalos se modifica a configuraci\u00f3n do seu navegador desactivando as restrici\u00f3ns que impiden a entrada de cookies e (ii) que o consentimento antes mencionado non ser\u00e1 necesario para o instalaci\u00f3n das cookies que son estrictamente necesarias para a prestaci\u00f3n dun servizo solicitado expresamente polo USUARIO<\/p>\n\n\n\n<p>&nbsp;<strong>&#8211; \u00bfQUE SON <\/strong><strong>AS COOKIES?<\/strong><\/p>\n\n\n\n<p>As cookies son pequenos ficheiros de texto que est\u00e1n instalados no navegador da computadora do USUARIO para rexistrar a s\u00faa actividade enviando unha identificaci\u00f3n an\u00f3nima almacenada nel para facilitar a navegaci\u00f3n, por exemplo, permitindo o acceso a USUARIOS que previamente se rexistraron, acceso \u00e1s \u00e1reas, servizos ou promoci\u00f3ns exclusivamente reservadas para eles sen ter que rexistrarse para cada visita. Tam\u00e9n se poden usar para medir o p\u00fablico, os par\u00e1metros de tr\u00e1fico e a navegaci\u00f3n, o tempo de sesi\u00f3n e \/ ou monitorear o progreso e o n\u00famero de entradas. As cookies s\u00f3 est\u00e1n asociadas a un usuario an\u00f3nimo ea s\u00faa computadora ou dispositivo e non proporcionan referencias que permitan co\u00f1ecer os seus datos persoais.<\/p>\n\n\n\n<p><strong>TIPOS DE COOKIES<\/strong><\/p>\n\n\n\n<p>1.- Cookies propias: son aquelas que se env\u00edan ao equipo terminal do usuario desde unha computadora ou dominio administrado polo propio editor e desde o que se fornece o servizo. Solicitado polo usuario.<\/p>\n\n\n\n<p>2.- Cookies de terceiros: as que se env\u00edan ao equipo terminal do usuario desde unha computadora ou dominio que non est\u00e1 xestionado polo editor, sen\u00f3n por outra entidade que procesa os datos obtidos mediante cookies.<\/p>\n\n\n\n<p>3.- Cookies de sesi\u00f3n: son un tipo de cookies dese\u00f1adas para recoller e almacenar datos mentres o usuario accede a unha p\u00e1xina web.<\/p>\n\n\n\n<p>4.- Cookies persistentes: son un tipo de cookies nas que os datos se almacenan no terminal e p\u00f3dense acceder e procesar durante un per\u00edodo definido polo responsable da cookie, que pode variar desde uns minutos ata varios anos.<\/p>\n\n\n\n<p>5.-&nbsp;Cookies t\u00e9cnicas: son aquelas que permiten ao usuario navegar por unha p\u00e1xina web e o uso de diferentes opci\u00f3ns ou servizos que existen nel, por exemplo, controlar o tr\u00e1fico e a comunicaci\u00f3n de datos, identificar a sesi\u00f3n, acceder a Partes de acceso restrinxidas, recordan os elementos que compo\u00f1en unha orde, almacenan os contidos para a difusi\u00f3n de videos ou de son ou comparten contido a trav\u00e9s das redes sociais.<\/p>\n\n\n\n<p>6.- Cookies de personalizaci\u00f3n: son aquelas que permiten ao usuario acceder ao servizo con algunhas caracter\u00edsticas xerais predefinidas en funci\u00f3n dunha serie de criterios no terminal do usuario, como a linguaxe, o tipo de navegador a trav\u00e9s do cal o usuario accede ao servizo,&nbsp;etc<\/p>\n\n\n\n<p>7.- Cookies de an\u00e1lise: aqueles que son ben tratados por n\u00f3s ou por terceiros, perm\u00edtennos cuantificar o n\u00famero de usuarios e as\u00ed realizar a medici\u00f3n e an\u00e1lise estat\u00edstica do uso que fan os usuarios do servizo ofrecido. Para iso, analizamos a s\u00faa navegaci\u00f3n no noso sitio web para mellorar a oferta de produtos ou servizos que ofrecemos.<\/p>\n\n\n\n<p>8.- Cookies publicitarias: son as que permiten a xesti\u00f3n, de maneira m\u00e1is eficiente posible, dos espazos publicitarios que, de ser o caso, o editor inclu\u00edse nunha p\u00e1xina web, aplicaci\u00f3n ou plataforma desde a que se fornece o servizo solicitado en funci\u00f3n dos criterios como o contido editado ou a frecuencia na que se mostran os anuncios.<\/p>\n\n\n\n<p>9.- Cookies de publicidade comportamental: son aquelas que permiten a xesti\u00f3n, de maneira m\u00e1is eficiente posible, dos espazos publicitarios que, no seu caso, o editor inclu\u00edse nunha p\u00e1xina web, aplicaci\u00f3n ou plataforma desde a que se fornece o servizo solicitado. Estas cookies almacenan informaci\u00f3n sobre o comportamento dos usuarios obtidos a trav\u00e9s da continua observaci\u00f3n dos seus h\u00e1bitos de navegaci\u00f3n, o que permite desenvolver un perfil espec\u00edfico para mostrar publicidade en funci\u00f3n do mesmo.<\/p>\n\n\n\n<p><strong>&#8211; TIPOS DE COOKIES <\/strong><strong>UTILIZADAS <\/strong><strong>POR ESTE SITIO WEB<\/strong><\/p>\n\n\n\n<p>As cookies utilizadas no noso sitio web son cookies de sesi\u00f3n e de terceiros e perm\u00edtenos almacenar e acceder a informaci\u00f3n relacionada coa linguaxe, o tipo de navegador utilizado e outras caracter\u00edsticas xerais predefinidas polo usuario, as\u00ed como para monitorear e analizar a actividade que leva a cabo, a fin de introducir melloras e proporcionar os nosos servizos de forma m\u00e1is eficiente e personalizada <strong>RESIDENCIAL MONASTERIO DE OIA, S.A.U.<\/strong>non usa cookies publicitarias ou de publicidade.<\/p>\n\n\n\n<p>O uso de cookies ofrece vantaxes na prestaci\u00f3n de servizos, xa que facilita a navegaci\u00f3n e acceso aos usuarios aos diferentes servizos ofrecidos por este sitio web; evita que o usuario te\u00f1a que configurar as caracter\u00edsticas xerais predefinidas cada vez que accede ao sitio web; favorece a mellora da operaci\u00f3n e dos servizos prestados a trav\u00e9s deste sitio web, logo da correspondente an\u00e1lise da informaci\u00f3n obtida a trav\u00e9s das cookies instaladas.<\/p>\n\n\n\n<figure class=\"wp-block-table\"><table class=\"has-fixed-layout\"><tbody><tr><td><strong>Cookie<\/strong><\/td><td><strong>Nome<\/strong><\/td><td><strong>Tipo<\/strong><\/td><td><strong>Finalidad<\/strong><strong>e<\/strong><\/td><td><strong>Duraci\u00f3n<\/strong><\/td><td><strong>M\u00e1<\/strong><strong>i<\/strong><strong>s<\/strong><strong> informaci\u00f3n<\/strong><\/td><\/tr><tr><td rowspan=\"3\">mosteirodeoia.com<\/td><td>_ga<\/td><td rowspan=\"3\">De terceiros: Google Analytics<\/td><td>\u00dasase para diferenciar entre usuarios e sesi\u00f3ns. A&nbsp; cookie cr\u00e9ase ao cargar a librer\u00eda&nbsp; javascript e non existe unha versi\u00f3n previa da&nbsp; cookie _ ga. A&nbsp; cookie actual\u00edzase cada vez que&nbsp; envia os datos a Google Analytics.<\/td><td>2 anos<\/td><td rowspan=\"3\"><a href=\"https:\/\/developers.google.com\/analytics\/devguides\/collection\/analyticsjs\/cookie-usage?hl=es-419\"><u>https:\/\/developers.google.com\/analytics\/devguides\/collection\/analyticsjs\/cookie-usage?hl=es-419<\/u><\/a><\/td><\/tr><tr><td>_gat<\/td><td>\u00dasase para diferenciar entre os diferentes obxectos de seguimento creados na sesi\u00f3n. A&nbsp; cookie cr\u00e9ase ao cargar a librer\u00eda&nbsp; javascript e non existe unha versi\u00f3n previa da&nbsp; cookie _ gat. A&nbsp; cookie actual\u00edzase cada vez que&nbsp; envia os datos a Google Analytics.<\/td><td>1 minuto<\/td><\/tr><tr><td>_gid<\/td><td>\u00dasase para distinguir aos usuarios<\/td><td>1 d\u00eda<\/td><\/tr><tr><td>&nbsp;<\/td><td>CookieLawInfoConsent<\/td><td rowspan=\"5\">T\u00e9cnica<\/td><td>Almacena o estado de consentimento de&nbsp; cookies do usuario.<\/td><td>1 ano<\/td><td rowspan=\"5\">&nbsp;<\/td><\/tr><tr><td>&nbsp;<\/td><td>_wcml_booking_currency<\/td><td>Util\u00edzase para a selecci\u00f3n de moeda do usuario<\/td><td>1 d\u00eda<\/td><\/tr><tr><td>&nbsp;<\/td><td>cookielawinfo-checkbox-necessary<\/td><td>Establecida polo&nbsp; Plugin&nbsp; GDPR&nbsp; Cookie&nbsp; Consent. Empr\u00e9gase para lembrar o consentimento do usuario das&nbsp; cookies categorizadas como &#8220;Necesarias&#8221;.<\/td><td>1 hora<\/td><\/tr><tr><td>&nbsp;<\/td><td>viewed_cookie_policy<\/td><td>Cookies de uso interno necesaria para o funcionamento da visualizaci\u00f3n da pol\u00edtica de&nbsp; cookies da web.<\/td><td>1 ano<\/td><\/tr><tr><td>&nbsp;<\/td><td>wp-wpml_current_language<\/td><td>Util\u00edzase para a selecci\u00f3n do idioma do usuario<\/td><td>30 minutos<\/td><\/tr><\/tbody><\/table><\/figure>\n\n\n\n<p>NOTA: Algunha p\u00e1xina deste sitio web mostra contido incrustado ou invocado a trav\u00e9s do cal poden instalarse cookies de terceiros. A\u00ednda que a p\u00e1xina est\u00e1 revisada con frecuencia, pode que a lista de cookies non se actualice. Se ten algunha d\u00fabida sobre as cookies instaladas a trav\u00e9s deste sitio web, p\u00f3\u00f1ase en contacto connosco.<\/p>\n\n\n\n<p>DESHABILITACI\u00d3N DAS COOKIES<\/p>\n\n\n\n<p>Como usuario en todo momento pode acceder \u00e1 configuraci\u00f3n do seu navegador aceptando ou rexeitando t\u00f3dalas cookies ou seleccionando aquelas cuxas instalaci\u00f3ns admiten e que non, seguindo un dos seguintes procedementos, que depende do navegador que utilice:<\/p>\n\n\n\n<p>Dado que cada navegador usa un xeito diferente, a funci\u00f3n de axuda do teu navegador diralle como facelo<\/p>\n\n\n\n<p><strong><br>&nbsp;<\/strong><strong>\u2022<\/strong>InternetExplorer<strong>:<\/strong><a href=\"#ie='ie-10'\"><u><strong>windows.microsoft.com\/es-xl\/internet-explorer\/delete-manage-cookies#ie=&#8221;ie-10&#8243;<\/strong><\/u><\/a><strong><br>&nbsp;<\/strong><strong>\u2022<\/strong>FireFox<strong>:<\/strong><a href=\"http:\/\/support.mozilla.org\/es\/kb\/Borrar%20cookies\"><u><strong>support.mozilla.org\/es\/kb\/Borrar%20cookies<\/strong><\/u><\/a><strong><br>&nbsp;<\/strong><strong>\u2022<\/strong>Chrome<strong>:<\/strong><a href=\"http:\/\/support.google.com\/chrome\/answer\/95647?hl=\"><u><strong>support.google.com\/chrome\/answer\/95647?hl=&#8221;es&#8221;<\/strong><\/u><\/a><strong><br>&nbsp;<\/strong><strong>\u2022<\/strong>Safari<strong>:<\/strong><a href=\"http:\/\/www.apple.com\/es\/privacy\/use-of-cookies\/\"><u><strong>www.apple.com\/es\/privacy\/use-of-cookies\/<\/strong><\/u><\/a><\/p>\n\n\n\n<p>Todos os navegadores perm\u00edtenche cambiar a configuraci\u00f3n de Cookies. Estas opci\u00f3ns adoitan atoparse no men\u00fa de &#8220;opci\u00f3ns&#8221; ou &#8220;Preferencias&#8221; do teu navegador.<\/p>\n\n\n\n<p>A continuaci\u00f3n m\u00f3stranse informaci\u00f3n sobre os pasos para acceder ao men\u00fa de configuraci\u00f3n das cookies e, no seu caso, a navegaci\u00f3n privada en cada un dos navegadores principais:<\/p>\n\n\n\n<p>&nbsp;<strong>Internet Explorer<\/strong><strong>:<\/strong>&nbsp;Herramientas -&gt; Opci\u00f3ns de Internet -&gt;&nbsp;Privacidade -&gt; Configuraci\u00f3n.<br>&nbsp;&nbsp; Para mais informaci\u00f3n, pode consultar o&nbsp;<a href=\"#top-solutions=windows-7\"><u><strong>soporte de Microsoft<\/strong><\/u><\/a>&nbsp;&nbsp;ou a Axuda do navegador.<br>&nbsp;&nbsp;<strong>Firefox<\/strong><strong>:<\/strong>&nbsp;Ferramentas -&gt; Opci\u00f3ns -&gt;&nbsp;Privacidade -&gt; Historial -&gt; Configuraci\u00f3n&nbsp;Personalizada.<br>&nbsp;&nbsp;&nbsp;Para&nbsp;mais informaci\u00f3n, pode consultar o&nbsp;<a href=\"http:\/\/support.mozilla.org\/es\/home\"><u><strong>soporte de Mozilla<\/strong><\/u><\/a>&nbsp;&nbsp;ou a Axuda do navegador.<br>&nbsp;&nbsp;<strong>Chrome<\/strong><strong>:<\/strong>&nbsp;Configuraci\u00f3n -&gt; Mostrar opci\u00f3ns avanzadas -&gt;&nbsp;Privacidade -&gt; Configuraci\u00f3n do contido.<br>&nbsp;&nbsp; Para mais informaci\u00f3n, pode consultar&nbsp;o&nbsp;<a href=\"#topic=3227046\"><u><strong>soporte de Google<\/strong><\/u><\/a>&nbsp;&nbsp;ou a Axuda do navegador.<br>&nbsp;&nbsp;<strong>Safari<\/strong><strong>:<\/strong>Preferencias-&gt;Seguridade.<br>&nbsp;&nbsp; Para mais informaci\u00f3n, pode consultar o&nbsp;<a href=\"http:\/\/www.apple.com\/es\/support\/mac-apps\/safari\/\"><u><strong>soporte de Apple<\/strong><\/u><\/a>&nbsp;ou a Axuda do navegador.<\/p>\n\n\n\n<p>Para calquera d\u00fabida podes contactar connosco no seguinte&nbsp;end&nbsp;<a>erezo de correo electr\u00f3nico: <\/a><a href=\"mailto:info@mosteirodeoia.com\"><u>info@mosteirodeoia.com<\/u><\/a>&nbsp;&nbsp;&nbsp;<\/p>\n","protected":false},"excerpt":{"rendered":"<p>De&nbsp;conformidade coa normativa espa\u00f1ola que regula o uso de cookies en relaci\u00f3n coa prestaci\u00f3n de servizos da sociedade da informaci\u00f3n, recollida no segundo apartado do artigo 22 da Lei 34\/2002, do 11 de xullo, de servizos da sociedade da informaci\u00f3n e&nbsp;o comercio electr\u00f3nico, despois de ser modificado polo Real decreto lei 13\/2012, do 30 de [&hellip;]<\/p>\n","protected":false},"author":1,"featured_media":0,"parent":0,"menu_order":0,"comment_status":"closed","ping_status":"closed","template":"","meta":{"_editorskit_title_hidden":false,"_editorskit_reading_time":0,"_editorskit_is_block_options_detached":false,"_editorskit_block_options_position":"{}","_coblocks_attr":"","_coblocks_dimensions":"","_coblocks_responsive_height":"","_coblocks_accordion_ie_support":"","footnotes":""},"class_list":["post-1647","page","type-page","status-publish","hentry"],"acf":[],"_links":{"self":[{"href":"https:\/\/www.mosteirodeoia.com\/gl\/wp-json\/wp\/v2\/pages\/1647"}],"collection":[{"href":"https:\/\/www.mosteirodeoia.com\/gl\/wp-json\/wp\/v2\/pages"}],"about":[{"href":"https:\/\/www.mosteirodeoia.com\/gl\/wp-json\/wp\/v2\/types\/page"}],"author":[{"embeddable":true,"href":"https:\/\/www.mosteirodeoia.com\/gl\/wp-json\/wp\/v2\/users\/1"}],"replies":[{"embeddable":true,"href":"https:\/\/www.mosteirodeoia.com\/gl\/wp-json\/wp\/v2\/comments?post=1647"}],"version-history":[{"count":3,"href":"https:\/\/www.mosteirodeoia.com\/gl\/wp-json\/wp\/v2\/pages\/1647\/revisions"}],"predecessor-version":[{"id":53315,"href":"https:\/\/www.mosteirodeoia.com\/gl\/wp-json\/wp\/v2\/pages\/1647\/revisions\/53315"}],"wp:attachment":[{"href":"https:\/\/www.mosteirodeoia.com\/gl\/wp-json\/wp\/v2\/media?parent=1647"}],"curies":[{"name":"wp","href":"https:\/\/api.w.org\/{rel}","templated":true}]}}