{"id":1634,"date":"2019-01-03T16:11:27","date_gmt":"2019-01-03T16:11:27","guid":{"rendered":"https:\/\/www.mosteirodeoia.com\/aviso-legal\/"},"modified":"2024-11-18T11:52:51","modified_gmt":"2024-11-18T10:52:51","slug":"aviso-legal","status":"publish","type":"page","link":"https:\/\/www.mosteirodeoia.com\/gl\/aviso-legal\/","title":{"rendered":"Aviso legal"},"content":{"rendered":"\n<div class=\"wp-block-hacce-wrapper\"><div class=\"container\">\n<p><strong>AVISO LEGAL LEI DE SERVIZOS DA SOCIEDADE DA INFORMACI\u00d3N E COMERCIO ELECTR\u00d3NICO<\/strong><\/p>\n\n\n\n<p><strong>1. <\/strong><strong>DATOS IDENTIFICATIVOS:<\/strong> De conformidade co deber de informaci\u00f3n contida no artigo 10 da Lei 34\/2002, do 11 de xullo, de Servizos da Sociedade da Informaci\u00f3n e do Comercio Electr\u00f3nico, a continuaci\u00f3n rec\u00f3llense os seguintes datos: a empresa propietaria de <a href=\"http:\/\/www.mosteirodeoia.com\"><u>www.mosteirodeoia.com<\/u><\/a>&nbsp;\u00e9 <strong>RESIDENCIAL MONASTERIO DE OIA, S.A.U.<\/strong>, con CIF n\u00famero A 36.949.162e enderezo a estes efectos en Calle Pontevedra 4, 3\u00aa Planta, 36.201, Vigo (Pontevedra), con correo electr\u00f3nico de contacto: <a href=\"mailto:info@mosteirodeoia.com\"><u>info@mosteirodeoia.com<\/u><\/a>&nbsp;&nbsp;<\/p>\n\n\n\n<p><strong>2. <\/strong><strong>USUARIOS<\/strong><strong>: <\/strong>Acceso e \/ ou uso deste portal de <strong>RESIDENCIAL MONASTERIO DE OIA, S.A.U.<\/strong> atrib\u00fae a condici\u00f3n de USUARIO, que acepta, a partir dese acceso e \/ ou uso, as Condici\u00f3ns xerais de uso aqu\u00ed reflectidas. As condici\u00f3ns anteriormente mencionadas aplicaranse con independencia das Condici\u00f3ns Xerais de Contrataci\u00f3n que, no seu caso, sexan obrigatorias.<\/p>\n\n\n\n<p><strong>3. <\/strong><strong>USO DEL PORTAL: <\/strong><a href=\"http:\/\/www.mosteirodeoia.com\"><u>www.mosteirodeoia.com<\/u><\/a>&nbsp;brinda acceso a multitude de informaci\u00f3ns, servizos, programas ou datos (en diante, &#8220;os contidos&#8221;) en Internet pertencentes a <strong>RESIDENCIAL MONASTERIO DE OIA, S.A.U.<\/strong> ao que pode ter acceso o USUARIO. O USUARIO asume a responsabilidade de utilizar o portal. Esta responsabilidade est\u00e9ndese ao rexistro que \u00e9 necesario para acceder a determinados servizos ou contidos.<\/p>\n\n\n\n<p>Neste rexistro, o USUARIO ser\u00e1 o responsable de proporcionar informaci\u00f3n veraz e legal. Como resultado deste rexistro, o USUARIO pode contar cunha contrase\u00f1a para a que ser\u00e1 responsable, compromet\u00e9ndose a facer un uso dilixente e confidencial. O USUARIO comprom\u00e9tese a facer un uso adecuado dos contidos e servizos que <strong>RESIDENCIAL MONASTERIO DE OIA, S.A.U.<\/strong> ofrece a trav\u00e9s do seu sitio web, compromet\u00e9ndose a non usalos para actividades que poden ser ilegais, contraria ao orden p\u00fablico, a defensa nacional ou a sa\u00fade p\u00fablica.<\/p>\n\n\n\n<p>En calquera caso, <strong>RESIDENCIAL MONASTERIO DE OIA, S.A.U.<\/strong> res\u00e9rvase o dereito de modificar unilateralmente, en calquera momento e sen previo aviso, a estrutura e dese\u00f1o do sitio web: modificar ou eliminar servizos ou contidos, as\u00ed como as condici\u00f3ns de acceso e \/ ou uso do sitio web.<\/p>\n\n\n\n<p>Do mesmo xeito&nbsp;<strong>RESIDENCIAL MONASTERIO DE OIA, S.A.U.<\/strong> res\u00e9rvase o dereito a modificar en calquera momento estas condici\u00f3ns de uso, as\u00ed como calquera outra condici\u00f3n particular contida no sitio web <a href=\"http:\/\/www.mosteirodeoia.com\"><u>www.mosteirodeoia.com<\/u><\/a>&nbsp;<\/p>\n\n\n\n<p><strong>4. <\/strong><strong>PROTEC<\/strong><strong>CI\u00d3N DE DATOS DE CAR\u00c1CTER PERSO<\/strong><strong>AL<\/strong><\/p>\n\n\n\n<p>En cumprimento das disposici\u00f3ns do Regulamento Xeral (UE) 2016\/679 sobre Protecci\u00f3n de Datos, e da&nbsp;Lei Org\u00e1nica 3\/2018 sobre Protecci\u00f3n de Datos Persoais e Garant\u00eda de Dereitos Dixitais, informamos ao usuario que os datos persoais que nos proporcione de forma voluntaria, por calquera dos nosos medios de recollida de informaci\u00f3n, incorporaranse ao Actividades automatizadas de procesamento de datos de car\u00e1cter persoal de <strong>RESIDENCIAL MONASTERIO DE OIA, S.A.U.<\/strong>, para poder prestar os nosos servizos, as\u00ed como para mantelo informado sobre asuntos relacionados coa actividade da empresa e os seus servizos. Os campos marcados con &#8220;*&#8221; son obrigatorios, polo que a omisi\u00f3n destes campos impedir\u00e1 que o USUARIO gocen dalg\u00fan dos servizos e a informaci\u00f3n ofrecida na web. Os datos contidos nel ser\u00e1n tratados confidencialmente.<\/p>\n\n\n\n<p><strong>RESIDENCIAL MONASTERIO DE OIA, S.A.U.<\/strong> cumpre plenamente a lexislaci\u00f3n vixente sobre protecci\u00f3n de datos persoais e cos compromisos de&nbsp;confidencialidade inherentes \u00e1 s\u00faa actividade.<\/p>\n\n\n\n<p><strong>RESIDENCIAL MONASTERIO DE OIA, S.A.U.<\/strong>adoptou as medidas t\u00e9cnicas necesarias para manter o nivel de seguridade esixido, segundo a natureza dos datos persoais tratados e as circunstancias do tratamento, para evitar, na medida do posible e sempre de acordo co estado da arte, o seu alteraci\u00f3n, perda, tratamento ou acceso non autorizado. Para realizar a xesti\u00f3n anteriormente mencionada, pode ser necesario transferir os datos aos procesadores de datos, \u00e1s empresas colaboradoras e \u00e1s administraci\u00f3ns p\u00fablicas (que poden verificar a exactitude dos datos).<\/p>\n\n\n\n<p>No caso de que o USUARIO proporcione datos persoais, facendo referencia a persoas distintas a el mesmo, o USUARIO debe, previamente \u00e1 inclusi\u00f3n, informarlles dos contidos desta cl\u00e1usula, de conformidade co disposto no Regulamento Xeral (UE) Protecci\u00f3n de Datos 2016\/679, e na&nbsp;Lei Org\u00e1nica 3\/2018 sobre Protecci\u00f3n de Datos Persoais e Garant\u00eda de Dereitos Dixitais.<\/p>\n\n\n\n<p><strong>RESIDENCIAL MONASTERIO DE OIA, S.A.U.<\/strong>como responsable da actividade de tratamento, garante o exercicio dos dereitos de acceso, rectificaci\u00f3n, cancelaci\u00f3n, limitaci\u00f3n, oposici\u00f3n e&nbsp;portabilidade dos datos proporcionados, tal e como se establece no Regulamento xeral (UE) 2016\/679 sobre Protecci\u00f3n de Datos e na&nbsp;Lei Org\u00e1nica 3\/2018 sobre Protecci\u00f3n de Datos Persoais&nbsp;e Garant\u00eda de Dereitos Dixitais, o USUARIO pode exercer os dereitos en calquera momento, escribindo unha carta ao domicilio social, achegando unha copia do DNI ou do Pasaporte.<\/p>\n\n\n\n<p><strong>RESIDENCIAL MONASTERIO DE OIA, S.A.U.<\/strong>&nbsp;garante que t\u00f3dalas comunicaci\u00f3ns comerciais dirixidas aos seus clientes cumpran coa normativa vixente.<\/p>\n\n\n\n<p>Polo tanto, de acordo coa Lei 34\/2002 de Servizos da Sociedade da Informaci\u00f3n e de Comercio Electr\u00f3nico e da Lei Xeral de Telecomunicaci\u00f3ns\u00a011\/2022, inform\u00e1moslle ao USUARIO que <strong>RESIDENCIAL MONASTERIO DE OIA, S.A.U.<\/strong> pode enviarlle por v\u00eda electr\u00f3nica informaci\u00f3n sobre produtos e servizos de interese aos que d\u00e1 o seu consentimento<\/p>\n\n\n\n<p>En calquera momento pode revogar esta autorizaci\u00f3n na direcci\u00f3n\u00a0<a href=\"mailto:info@mosteirodeoia.com\"><u>info@mosteirodeoia.com<\/u><\/a>\u00a0<\/p>\n\n\n\n<p>\u00c1 s\u00faa vez, inform\u00e1moslle que pode contactar co Delegado de Protecci\u00f3n de Datos, de <strong>RESIDENCIAL MOSTEIRO DE OIA, S.A.U.<\/strong>, na direcci\u00f3n de correo electr\u00f3nico <a href=\"mailto:dpo@aysinnova.es\"><u>dpo@aysinnova.es<\/u><\/a>&nbsp;<\/p>\n\n\n\n<p><strong>5. <\/strong><strong>USO DE COOKIES<\/strong><strong>:<\/strong>Ao USUARIO&nbsp;adv\u00edrteselle que este sitio web utiliza cookies. As cookies son pequenos ficheiros de texto que est\u00e1n instalados no navegador da computadora do USUARIO para rexistrar a s\u00faa actividade, enviando unha identificaci\u00f3n an\u00f3nima almacenada nel, para facilitar a navegaci\u00f3n, por exemplo, permitindo o acceso a USUARIOS que previamente rexistraron e acceder \u00e1s \u00e1reas, servizos, promoci\u00f3ns ou concursos reservados exclusivamente para eles sen ter que rexistrarse para cada visita. Tam\u00e9n se poden usar para medir o p\u00fablico, os par\u00e1metros de tr\u00e1fico e a navegaci\u00f3n, o tempo de sesi\u00f3n e \/ ou monitorear o progreso e o n\u00famero de entradas. <strong>RESIDENCIAL MONASTERIO DE OIA, S.A.U.<\/strong> sempre intentar\u00e1 establecer mecanismos axeitados para obter o consentimento do USUARIO para a instalaci\u00f3n de cookies que o requiran. Non obstante o anterior, debe terse en conta que de acordo coa lei, entenderase que (i) o USUARIO concedeu o seu consentimento se modifica a configuraci\u00f3n do navegador desactivando as restrici\u00f3ns que impiden a entrada de cookies e (ii) que o referido non ser\u00e1 necesario o consentimento para a instalaci\u00f3n das cookies que sexan estrictamente necesarias para a prestaci\u00f3n dun servizo solicitado expresamente polo USUARIO (mediante rexistro previo).<\/p>\n\n\n\n<p>Pode ocorrer que algunhas cookies utilizadas neste sitio web non est\u00e1n relacionadas con RESIDENCIAL MONASTERIO DE OIA, S.A.U. Isto d\u00e9bese a que algunhas p\u00e1xinas do sitio web inseriron contido de sitios web de terceiros (como un v\u00eddeo de YouTube).&nbsp;Porque o contido anteriormente mencionado procede doutro sitio web, <strong>RESIDENCIAL MONASTERIO DE OIA, S.A.U.<\/strong> non controla a configuraci\u00f3n destas cookies. Se desexa cambiar as s\u00faas preferencias de configuraci\u00f3n de cookies, deber\u00eda consultar os sitios web destes terceiros para obter informaci\u00f3n.<\/p>\n\n\n\n<p><strong>6. <\/strong><strong>PROPIEDAD INTELECTUAL E INDUSTRIAL: <\/strong><strong>RESIDENCIAL MONASTERIO DE OIA, S.A.U.<\/strong>por si s\u00f3 ou como cesionario, \u00e9 o propietario de todos os dereitos de propiedade intelectual e industrial da s\u00faa p\u00e1xina web, as\u00ed como os elementos contidos nel (por exemplo, imaxes, son, audio, video, software ou textos; logotipos, combinaci\u00f3ns de cores, estrutura e dese\u00f1o &#8230;), a s\u00faa reproduci\u00f3n, distribuci\u00f3n e comunicaci\u00f3n p\u00fablica est\u00e1n expresamente prohibidas, inclu\u00edndo o m\u00e9todo de dispo\u00f1ibilidade total ou parcial dos contidos deste sitio web, en calquera medio e para calquera medio t\u00e9cnico, sen a autorizaci\u00f3n de <strong>RESIDENCIAL MONASTERIO DE OIA, S.A.U.<\/strong><\/p>\n\n\n\n<p>O USUARIO comprom\u00e9tese a respectar os dereitos de propiedade intelectual e industrial de <strong>RESIDENCIAL MONASTERIO DE OIA, S.A.U.<\/strong>. O USUARIO debe absterse de borrar, alterar, evadir ou manipular calquera dispositivo de protecci\u00f3n ou sistema de seguridade instalado na p\u00e1xina web.<\/p>\n\n\n\n<p><strong>7. <\/strong><strong>EXCLUSI\u00d3N DE GARANT\u00cdAS E<\/strong><strong> RESPONSABILIDAD<\/strong><strong>E<\/strong><strong>: <\/strong><strong>RESIDENCIAL MONASTERIO DE OIA, S.A.U.<\/strong>non se fai responsable, en ning\u00fan caso, dos danos e perdas de calquera natureza que poidan causar, a modo de exemplo: erros ou omisi\u00f3ns nos contidos, falta de dispo\u00f1ibilidade do sitio web ou a transmisi\u00f3n de virus ou programas maliciosos ou nocivos no Contido, malia adoptar todas as medidas tecnol\u00f3xicas necesarias para impedilo.<\/p>\n\n\n\n<p>Deficiencias do servizo, redes de comunicaci\u00f3n, problemas derivados de mal funcionamento ou uso de versi\u00f3ns non optimizadas de calquera navegador, posibles erros de seguridade que se poidan producir ou posibles danos que poidan producirse no sistema inform\u00e1tico do USUARIO , aos arquivos ou documentos almacenados nela, como consecuencia da presenza de virus na computadora do USUARIO utilizada para a conexi\u00f3n aos servizos e contidos do sitio web, fallos telef\u00f3nicos, interferencias, omisi\u00f3ns ou desconexi\u00f3ns no funcionamento do sistema electr\u00f3nico motivado por causas distintas de <strong>RESIDENCIAL MONASTERIO DE OIA, S.A.U.<\/strong>; do co\u00f1ecemento que poidan ter terceiros non autorizados da clase, condici\u00f3ns, caracter\u00edsticas e circunstancias de acceso e uso que os USUARIOS fan do sitio web e da informaci\u00f3n e servizos. Uso il\u00edcito, neglixente e fraudulento, contrario a estas Condici\u00f3ns Xerais, \u00e1 boa fe, aos usos xerais aceptados ou a orde p\u00fablica, do sitio web, dos seus servizos ou contidos, por parte dos USUARIOS<\/p>\n\n\n\n<p><strong>8. <\/strong><strong>MODIFICACI\u00d3<\/strong><strong>NS:<\/strong><strong>RESIDENCIAL MONASTERIO DE OIA, S.A.U.<\/strong>res\u00e9rvase o dereito de realizar sen previo aviso as modificaci\u00f3ns que considere oportunas no sitio web, poder cambiar, eliminar ou engadir contido e servizos prestados a trav\u00e9s dela, as\u00ed como a forma en que estes se presentan ou sit\u00faan no seu sitio web. portal.<\/p>\n\n\n\n<p><strong>9. <\/strong><strong>ENLACES<\/strong><strong>:<\/strong>No caso de que enlaces ou enlaces a <a href=\"http:\/\/www.mosteirodeoia.com\"><u>www.mosteirodeoia.com<\/u><\/a>&nbsp;a outros sitios de Internet, <strong>RESIDENCIAL MONASTERIO DE OIA, S.A.U.<\/strong> Non exercer\u00e1 ning\u00fan tipo de control sobre eses sitios e contido. En ning\u00fan caso, <strong>RESIDENCIAL MONASTERIO DE OIA, S.A.U.<\/strong> asumir\u00e1 a responsabilidade dos contidos de calquera enlace que pertenza a un sitio web de&nbsp;terceiros, nin garantir\u00e1 a dispo\u00f1ibilidade t\u00e9cnica, calidade, fiabilidade, exactitude, amplitude, veracidade, validez e constitucionalidade de calquera material ou informaci\u00f3n contida nalg\u00fan destes hiperv\u00ednculos ou outros sitios de Internet. Do mesmo xeito, a inclusi\u00f3n destas conexi\u00f3ns externas non implicar\u00e1 ning\u00fan tipo de asociaci\u00f3n, fusi\u00f3n ou participaci\u00f3n coas entidades conectadas.<\/p>\n\n\n\n<p><strong>10. <\/strong><strong>DEREIT<\/strong><strong>O DE EXCLUSI\u00d3N: <\/strong><strong>RESIDENCIAL MONASTERIO DE OIA, S.A.U.<\/strong>res\u00e9rvase o dereito de bloquear o acceso dun USUARIO a calquera indicaci\u00f3n de uso fraudulento dos servizos ofrecidos sen previo aviso, por conta propia ou por un terceiro, a aqueles usuarios que non cumpran estas Condici\u00f3ns Xerais de Uso.<\/p>\n\n\n\n<p><strong>11. <\/strong><strong>X<\/strong><strong>ENERALIDADES: <\/strong><strong>RESIDENCIAL MONASTERIO DE OIA, S.A.U.<\/strong>&nbsp;perseguir\u00e1 o incumprimento destas condici\u00f3ns, as\u00ed como calquera uso indebido do seu portal mediante o exercicio de t\u00f3dalas acci\u00f3ns civ\u00eds e penais que poidan corresponder en dereito<\/p>\n\n\n\n<p><strong>12. <\/strong><strong>MODIFICACI\u00d3N DAS PRESENTES CONDICI\u00d3NS E<\/strong><strong> DURACI\u00d3N: <\/strong><strong>RESIDENCIAL MONASTERIO DE OIA, S.A.U.<\/strong>&nbsp;Pode modificar en calquera momento as condici\u00f3ns aqu\u00ed determinadas, debidamente publicadas como aparecen aqu\u00ed. A validez das citadas condici\u00f3ns estar\u00e1 baseada na s\u00faa exposici\u00f3n e ser\u00e1 v\u00e1lida ata a s\u00faa modificaci\u00f3n por outras debidamente publicadas.<\/p>\n\n\n\n<p><strong>13. <\/strong><strong>LEXISLACI\u00d3N APLICABLE E X<\/strong><strong>URISDICCI\u00d3N: <\/strong>A relaci\u00f3n entre&nbsp;<strong>RESIDENCIAL MONASTERIO DE OIA, S.A.U.<\/strong>&nbsp;e o USUARIO rexerase pola normativa espa\u00f1ola actual e calquera disputa ser\u00e1 sometida aos Xulgados e Tribunais de&nbsp;Vigo.<\/p>\n<\/div><\/div>\n","protected":false},"excerpt":{"rendered":"","protected":false},"author":1,"featured_media":0,"parent":0,"menu_order":0,"comment_status":"closed","ping_status":"closed","template":"","meta":{"_editorskit_title_hidden":false,"_editorskit_reading_time":0,"_editorskit_is_block_options_detached":false,"_editorskit_block_options_position":"{}","_coblocks_attr":"","_coblocks_dimensions":"","_coblocks_responsive_height":"","_coblocks_accordion_ie_support":"","footnotes":""},"class_list":["post-1634","page","type-page","status-publish","hentry"],"acf":[],"_links":{"self":[{"href":"https:\/\/www.mosteirodeoia.com\/gl\/wp-json\/wp\/v2\/pages\/1634"}],"collection":[{"href":"https:\/\/www.mosteirodeoia.com\/gl\/wp-json\/wp\/v2\/pages"}],"about":[{"href":"https:\/\/www.mosteirodeoia.com\/gl\/wp-json\/wp\/v2\/types\/page"}],"author":[{"embeddable":true,"href":"https:\/\/www.mosteirodeoia.com\/gl\/wp-json\/wp\/v2\/users\/1"}],"replies":[{"embeddable":true,"href":"https:\/\/www.mosteirodeoia.com\/gl\/wp-json\/wp\/v2\/comments?post=1634"}],"version-history":[{"count":4,"href":"https:\/\/www.mosteirodeoia.com\/gl\/wp-json\/wp\/v2\/pages\/1634\/revisions"}],"predecessor-version":[{"id":53314,"href":"https:\/\/www.mosteirodeoia.com\/gl\/wp-json\/wp\/v2\/pages\/1634\/revisions\/53314"}],"wp:attachment":[{"href":"https:\/\/www.mosteirodeoia.com\/gl\/wp-json\/wp\/v2\/media?parent=1634"}],"curies":[{"name":"wp","href":"https:\/\/api.w.org\/{rel}","templated":true}]}}