{"id":3058,"date":"2019-04-09T07:29:40","date_gmt":"2019-04-09T07:29:40","guid":{"rendered":"https:\/\/www.mosteirodeoia.com\/politica-de-compra\/"},"modified":"2019-04-09T14:38:53","modified_gmt":"2019-04-09T14:38:53","slug":"politica-de-compra","status":"publish","type":"page","link":"https:\/\/www.mosteirodeoia.com\/en\/politica-de-compra\/","title":{"rendered":"Shop policy"},"content":{"rendered":"\n<div class=\"wp-block-hacce-wrapper\"><div class=\"container\">\n<p>Las presentes\nCondiciones Generales de Compra, contempladas de forma previa al proceso de\ncontrataci\u00f3n, regulan la adquisici\u00f3n de entradas a trav\u00e9s del Sitio Web <a href=\"https:\/\/www.mosteirodeoia.com\">www.mosteirodeoia.com<\/a>&nbsp;\npropiedad de <a>RESIDENCIAL MONASTERIO DE OIA, S.A.U.<\/a><\/p>\n\n\n\n<p>Estas\nCondiciones Generales de Compra han de complementarse con Pol\u00edtica de\nPrivacidad y Aviso Legal publicadas por RESIDENCIAL MONASTERIO DE OIA, S.A.U.,\nas\u00ed como por cualesquiera otras Condiciones Particulares o espec\u00edficas de\ncontrataci\u00f3n que pudieran establecerse en cada caso.<\/p>\n\n\n\n<p>RESIDENCIAL\nMONASTERIO DE OIA, S.A.U. podr\u00e1 en todo momento y sin previo aviso, modificar\nlas presentes condiciones y t\u00e9rminos, mediante la publicaci\u00f3n de dichas\nmodificaciones en el Sitio Web, a fin de que puedan ser conocidas por los\nUsuarios antes de la adquisici\u00f3n on-line de las entradas ofertadas.<\/p>\n\n\n\n<p>De este modo,\nel Usuario, bajo su responsabilidad, debe leer atentamente la totalidad de las\ncondiciones, en cada una de las ocasiones en que se proponga adquirir entradas\na trav\u00e9s del Sitio Web para la visita al Monasterio de Oia.<\/p>\n\n\n\n<p>El Usuario\ndeclara ser mayor de edad, de conformidad con su derecho nacional, y disponer de\nla capacidad legal necesaria para contratar a trav\u00e9s del Sitio Web y, en\nconsecuencia, para vincularse por las presentes Condiciones Generales de la\nventa que fueren de aplicaci\u00f3n. Respecto de todas estas condiciones, el Usuario\ndeclara conocerlas, entenderlas y aceptarlas en su totalidad.<\/p>\n\n\n\n<p>Asimismo, el\nUsuario reconoce y acepta que las entradas contratadas a trav\u00e9s del Sitio Web\nser\u00e1n para uso propio, seg\u00fan la normativa establecida por el Residencial\nMonasterio de Oia, S.A.<\/p>\n\n\n\n<p>En el caso de\ncontratar entradas para terceros al Usuario, el uso o consumo de \u00e9stas estar\u00e1\nbajo la entera responsabilidad del Usuario adquirente. En este sentido, el\nUsuario acepta, de forma expresa y sin excepciones, que el acceso y la\nutilizaci\u00f3n del Sitio Web y de sus servicios tiene lugar bajo su \u00fanica y\nexclusiva responsabilidad.<\/p>\n\n\n\n<p><strong>VALIDEZ<\/strong><\/p>\n\n\n\n<p>Las entradas\ncompradas tendr\u00e1n validez hasta el d\u00eda y hora de la visita establecida en la\nentrada.<\/p>\n\n\n\n<p><strong>IDIOMA<\/strong><\/p>\n\n\n\n<p>El proceso de\ncompra se podr\u00e1 realizar en espa\u00f1ol, gallego e ingl\u00e9s.<\/p>\n\n\n\n<p><strong>PRECIOS<\/strong><\/p>\n\n\n\n<p>Los precios\nindicados en el sitio web son vigentes, y est\u00e1n fijados en Euros con el IVA incluido.<\/p>\n\n\n\n<p><strong>FORMAS DE PAGO<\/strong><\/p>\n\n\n\n<p>El pago de\nlas entradas s\u00f3lo podr\u00e1 efectuarse mediante tarjeta bancaria: Mastercard, VISA\ny Euro 6000.<\/p>\n\n\n\n<p>Para\ntranquilidad del Usuario, es importante destacar que la confidencialidad en el\ntratamiento de sus datos est\u00e1 totalmente garantizada, gracias a la transmisi\u00f3n\ncifrada de la informaci\u00f3n entre el navegador del Usuario, el servidor seguro de\ntickets de Real Mosteiro de Oia y la entidad financiera que gestiona los pagos.<\/p>\n\n\n\n<p>Residencial\nMonasterio de Oia, S.AU. &nbsp;informa que\nconstituyen conductas delictivas, castigadas con pena de prisi\u00f3n, la\nutilizaci\u00f3n de este sistema de pago electr\u00f3nico para adquirir entradas, en el\ncaso de:<\/p>\n\n\n\n<ul class=\"wp-block-list\"><li>Facilitar datos falsos del comprador o del n\u00famero de tarjeta utilizada como medio de pago.<\/li><li>Utilizar los datos de personas diferentes al comprador.<\/li><li>Facilitar n\u00fameros de tarjeta que no coincidan con la del comprador.<\/li><li>Usurpar la condici\u00f3n de titular de tarjetas ajenas.<\/li><li>Utilizar n\u00fameros de tarjeta generados con programas inform\u00e1ticos o algoritmos similares.<\/li><\/ul>\n\n\n\n<p><strong>CANCELACIONES Y\/O ANULACIONES<\/strong><\/p>\n\n\n\n<p>La compra de\nlas entradas por parte del Usuario se realizar\u00e1 de forma irrevocable. De esta\nforma, una vez efectuada la compra de las entradas, en ning\u00fan caso se admitir\u00e1\ncancelaci\u00f3n ni anulaci\u00f3n de ning\u00fan tipo por parte del Usuario. Excepto en los\ncasos de fuerza mayor, Residencial Monasterio de Oia, S.A.U. en ning\u00fan caso\nasumir\u00e1 obligaci\u00f3n alguna de reembolsar el precio abonado por el Usuario en el\nproceso de compra. <\/p>\n\n\n\n<p><strong>FUERZA MAYOR <\/strong><\/p>\n\n\n\n<p>Real\nMonasterio de Oia. S.A.U. se reserva el derecho de cancelar las visitas por\ncondiciones de seguridad o de fuerza mayor como condiciones meteorol\u00f3gicas\nextremas. En el caso de este tipo de cancelaciones, se proceder\u00e1 a una nueva\nreserva o a la devoluci\u00f3n del importe, a opci\u00f3n del usuario.&nbsp; <\/p>\n\n\n\n<p><strong>LEGISLACI\u00d3N Y JURISDICCI\u00d3N APLICABLES<\/strong><\/p>\n\n\n\n<p>Las presentes\nCondiciones Generales de Compra y, en su caso las Condiciones Particulares que\nfueren aplicables, se regir\u00e1n por la legislaci\u00f3n espa\u00f1ola, que ser\u00e1 de\naplicaci\u00f3n en lo no dispuesto en este contrato en materia de interpretaci\u00f3n,\nvalidez y ejecuci\u00f3n.<\/p>\n\n\n\n<p>Las partes\nrenuncian expresamente al fuero que les pudiera corresponder, y someten\nexpresamente a los Juzgados y Tribunales de Vigo para resolver cualquier\ncontroversia que pueda surgir en la interpretaci\u00f3n o ejecuci\u00f3n de las presentes\nCondiciones Generales y Particulares.<\/p>\n\n\n\n<p>NIF\/CIF: A-36949162<\/p>\n\n\n\n<p>RESIDENCIAL\nMONASTERIO DE OIA, S.A.<\/p>\n\n\n\n<p>Direcci\u00f3n\nPostal: R\u00faa Pontevedra, 4, 3\u00ba. 36201 Vigo &#8211; Pontevedra<\/p>\n<\/div><\/div>\n","protected":false},"excerpt":{"rendered":"","protected":false},"author":1,"featured_media":0,"parent":0,"menu_order":0,"comment_status":"closed","ping_status":"closed","template":"","meta":{"_editorskit_title_hidden":false,"_editorskit_reading_time":0,"_editorskit_is_block_options_detached":false,"_editorskit_block_options_position":"{}","_coblocks_attr":"","_coblocks_dimensions":"","_coblocks_responsive_height":"","_coblocks_accordion_ie_support":"","footnotes":""},"class_list":["post-3058","page","type-page","status-publish","hentry"],"acf":[],"_links":{"self":[{"href":"https:\/\/www.mosteirodeoia.com\/en\/wp-json\/wp\/v2\/pages\/3058"}],"collection":[{"href":"https:\/\/www.mosteirodeoia.com\/en\/wp-json\/wp\/v2\/pages"}],"about":[{"href":"https:\/\/www.mosteirodeoia.com\/en\/wp-json\/wp\/v2\/types\/page"}],"author":[{"embeddable":true,"href":"https:\/\/www.mosteirodeoia.com\/en\/wp-json\/wp\/v2\/users\/1"}],"replies":[{"embeddable":true,"href":"https:\/\/www.mosteirodeoia.com\/en\/wp-json\/wp\/v2\/comments?post=3058"}],"version-history":[{"count":0,"href":"https:\/\/www.mosteirodeoia.com\/en\/wp-json\/wp\/v2\/pages\/3058\/revisions"}],"wp:attachment":[{"href":"https:\/\/www.mosteirodeoia.com\/en\/wp-json\/wp\/v2\/media?parent=3058"}],"curies":[{"name":"wp","href":"https:\/\/api.w.org\/{rel}","templated":true}]}}